{"id":4231,"date":"2016-04-28T12:16:53","date_gmt":"2016-04-28T12:16:53","guid":{"rendered":"http:\/\/ratio.edge-themes.com\/?page_id=4231"},"modified":"2025-10-14T20:44:39","modified_gmt":"2025-10-14T20:44:39","slug":"contattaci","status":"publish","type":"page","link":"https:\/\/castellocanussio.it\/en\/contattaci\/","title":{"rendered":"Contact Us"},"content":{"rendered":"<div class=\"vc_row wpb_row vc_row-fluid edgtf-section vc_custom_1461848768883 edgtf-content-aligment-left edgtf-grid-section\"><div class=\"clearfix edgtf-section-inner\"><div class=\"edgtf-section-inner-margin clearfix\"><div class=\"wpb_column vc_column_container vc_col-sm-6 vc_col-lg-3 vc_col-md-6 vc_col-xs-12\"><div class=\"vc_column-inner\"><div class=\"wpb_wrapper\"><div class=\"edgtf-icon-list-item\">\n\t<div class=\"edgtf-icon-list-icon-holder\">\n        <div class=\"edgtf-icon-list-icon-holder-inner clearfix\" style=\"padding-top:3px\">\n\t\t\t<i class=\"edgtf-icon-linea-icon icon-basic-geolocalize-01 \" style=\"color:#e7bd74;font-size:23px\" ><\/i>\t\t<\/div>\n\t<\/div>\n\t<p class=\"edgtf-icon-list-text\" style=\"font-size:14px\" > via Niccol\u00f2 Canussio, 2<br \/>\n33043 - Cividale del Friuli (UD), Italia<\/p>\n<\/div><div class=\"edgtf-icon-list-item\">\n\t<div class=\"edgtf-icon-list-icon-holder\">\n        <div class=\"edgtf-icon-list-icon-holder-inner clearfix\" style=\"padding-top:3px\">\n\t\t\t<i class=\"edgtf-icon-linea-icon icon-basic-mail \" style=\"color:#e7bd74;font-size:23px\" ><\/i>\t\t<\/div>\n\t<\/div>\n\t<p class=\"edgtf-icon-list-text\" style=\"font-size:14px\" > info@castellocanussio.it<\/p>\n<\/div>\n\t<div class=\"wpb_raw_code wpb_content_element wpb_raw_html\" >\n\t\t<div class=\"wpb_wrapper\">\n\t\t\t\n    <span class=\"edgtf-icon-shortcode normal\" style=\"margin: 0 16px 0 0\" data-hover-color=\"#e5bc73\" data-color=\"#858585\">\n                            <a href=\"https:\/\/www.instagram.com\/castellocanussio\/\" target=\"_blank\" >\n        \n        <span class=\"edgtf-icon-ico-moon icomoon-icon-instagram edgtf-icon-element\" style=\"color: #858585;font-size:20px\" ><\/span>\n                    <\/a>\n            <\/span>\n\n\n    <span class=\"edgtf-icon-shortcode normal\" style=\"margin: 0 13px 0 0\" data-hover-color=\"#e5bc73\" data-color=\"#858585\">\n                            <a href=\"https:\/\/www.facebook.com\/castellocanussio\/\" target=\"_blank\" >\n        \n        <span class=\"edgtf-icon-ico-moon icomoon-icon-facebook edgtf-icon-element\" style=\"color: #858585;font-size:20px\" ><\/span>\n                    <\/a>\n            <\/span>\n\n\n\t\t<\/div>\n\t<\/div>\n<div class=\"vc_empty_space\"   style=\"height: 40px\"><span class=\"vc_empty_space_inner\"><\/span><\/div><\/div><\/div><\/div><div class=\"wpb_column vc_column_container vc_col-sm-12 vc_col-lg-6 vc_col-md-12\"><div class=\"vc_column-inner\"><div class=\"wpb_wrapper\">\n\t<div class=\"wpb_text_column wpb_content_element \" >\n\t\t<div class=\"wpb_wrapper\">\n\t\t\t<p data-start=\"577\" data-end=\"741\">Per tutto ci\u00f2 che riguarda le visite al Castello \u2013 informazioni, prenotazioni, visite guidate, gruppi o tour operator \u2013 scrivi a <a href=\"mailto:visite@castellocanussio.it\">visite@castellocanussio.it<\/a><\/p>\n<p data-start=\"577\" data-end=\"741\">Per ogni altra comunicazione o informazione scrivi a <a href=\"mailto:info@castellocanussio.it\">info@castellocanussio.it<\/a> oppure compila il form<\/p>\n\n\t\t<\/div>\n\t<\/div>\n<div class=\"vc_empty_space\"   style=\"height: 30px\"><span class=\"vc_empty_space_inner\"><\/span><\/div><\/div><\/div><\/div><\/div><\/div><\/div><div class=\"vc_row wpb_row vc_row-fluid edgtf-section vc_custom_1461857465952 edgtf-content-aligment-left edgtf-grid-section\"><div class=\"clearfix edgtf-section-inner\"><div class=\"edgtf-section-inner-margin clearfix\"><div class=\"wpb_column vc_column_container vc_col-sm-12 vc_col-lg-6 vc_col-md-6\"><div class=\"vc_column-inner\"><div class=\"wpb_wrapper\"><div class=\"edgtf-google-map-holder\">\n\t<div class=\"edgtf-google-map\" id=\"edgtf-map-1404366\" data-addresses='[\"via Niccol\u00f2 Canussio, 4 33043 - Cividale del Friuli (UD), Italia\"]' data-custom-map-style=false data-color-overlay=#393939 data-saturation=-100 data-lightness=-60 data-zoom=17 data-pin=https:\/\/castellocanussio.it\/wp-content\/uploads\/2016\/04\/pin.png data-unique-id=1404366 data-scroll-wheel=false data-height=425><\/div>\n\t\t\t<div class=\"edgtf-google-map-overlay\"><\/div>\n\t<\/div>\n<div class=\"vc_empty_space\"   style=\"height: 40px\"><span class=\"vc_empty_space_inner\"><\/span><\/div><\/div><\/div><\/div><div class=\"wpb_column vc_column_container vc_col-sm-12 vc_col-lg-6 vc_col-md-6\"><div class=\"vc_column-inner vc_custom_1461856723643\"><div class=\"wpb_wrapper\">\n\t<div class=\"wpb_text_column wpb_content_element \" >\n\t\t<div class=\"wpb_wrapper\">\n\t\t\t<h3>Invia un messaggio<\/h3>\n\n\t\t<\/div>\n\t<\/div>\n<div class=\"vc_empty_space\"   style=\"height: 36px\"><span class=\"vc_empty_space_inner\"><\/span><\/div>\n<div class=\"wpcf7 no-js\" id=\"wpcf7-f4372-o1\" lang=\"en-US\" dir=\"ltr\" data-wpcf7-id=\"4372\">\n<div class=\"screen-reader-response\"><p role=\"status\" aria-live=\"polite\" aria-atomic=\"true\"><\/p> <ul><\/ul><\/div>\n<form action=\"\/en\/wp-json\/wp\/v2\/pages\/4231#wpcf7-f4372-o1\" method=\"post\" class=\"wpcf7-form init cf7_custom_style_1\" aria-label=\"Contact form\" novalidate=\"novalidate\" data-status=\"init\">\n<fieldset class=\"hidden-fields-container\"><input type=\"hidden\" name=\"_wpcf7\" value=\"4372\" \/><input type=\"hidden\" name=\"_wpcf7_version\" value=\"6.1.5\" \/><input type=\"hidden\" name=\"_wpcf7_locale\" value=\"en_US\" \/><input type=\"hidden\" name=\"_wpcf7_unit_tag\" value=\"wpcf7-f4372-o1\" \/><input type=\"hidden\" name=\"_wpcf7_container_post\" value=\"0\" \/><input type=\"hidden\" name=\"_wpcf7_posted_data_hash\" value=\"\" \/><input type=\"hidden\" name=\"_wpcf7_recaptcha_response\" value=\"\" \/>\n<\/fieldset>\n<div class=\"edgtf-two-columns-50-50 clearfix\">\n\t<div class=\"edgtf-two-columns-50-50-inner\">\n\t\t<div class=\"edgtf-column\">\n\t\t\t<div class=\"edgtf-column-inner\">\n\t\t\t\t<p><span class=\"wpcf7-form-control-wrap\" data-name=\"first-name\"><input size=\"40\" maxlength=\"400\" class=\"wpcf7-form-control wpcf7-text wpcf7-validates-as-required\" aria-required=\"true\" aria-invalid=\"false\" placeholder=\"Nome\" value=\"\" type=\"text\" name=\"first-name\" \/><\/span>\n\t\t\t\t<\/p>\n\t\t\t<\/div>\n\t\t<\/div>\n\t\t<div class=\"edgtf-column\">\n\t\t\t<div class=\"edgtf-column-inner\">\n\t\t\t\t<p><span class=\"wpcf7-form-control-wrap\" data-name=\"last-name\"><input size=\"40\" maxlength=\"400\" class=\"wpcf7-form-control wpcf7-text wpcf7-validates-as-required\" aria-required=\"true\" aria-invalid=\"false\" placeholder=\"Cognome\" value=\"\" type=\"text\" name=\"last-name\" \/><\/span>\n\t\t\t\t<\/p>\n\t\t\t<\/div>\n\t\t<\/div>\n\t<\/div>\n<\/div>\n<div>\n\t<p><span class=\"wpcf7-form-control-wrap\" data-name=\"email\"><input size=\"40\" maxlength=\"400\" class=\"wpcf7-form-control wpcf7-email wpcf7-validates-as-required wpcf7-text wpcf7-validates-as-email\" aria-required=\"true\" aria-invalid=\"false\" placeholder=\"E-mail\" value=\"\" type=\"email\" name=\"email\" \/><\/span>\n\t<\/p>\n<\/div>\n<div>\n\t<p><span class=\"wpcf7-form-control-wrap\" data-name=\"your-message\"><textarea cols=\"40\" rows=\"10\" maxlength=\"2000\" class=\"wpcf7-form-control wpcf7-textarea wpcf7-validates-as-required\" aria-required=\"true\" aria-invalid=\"false\" placeholder=\"Messaggio*\" name=\"your-message\"><\/textarea><\/span>\n\t<\/p>\n<\/div>\n<p><span class=\"wpcf7-form-control-wrap\" data-name=\"acceptance-929\"><span class=\"wpcf7-form-control wpcf7-acceptance\"><span class=\"wpcf7-list-item\"><label><input type=\"checkbox\" name=\"acceptance-929\" value=\"1\" aria-invalid=\"false\" \/><span class=\"wpcf7-list-item-label\"><z style=\"font-size: 15px; line-height: 24px; text-align:justify\" \/>Ai sensi della legge 196\/2003 sulla tutela della privacy, si conferma di aver letto l'informativa al link a fondo pagina e si autorizza il trattamento dei dati personali inviati: Do il mio consenso.<\/z><\/span><\/label><\/span><\/span><\/span>\n<\/p>\n<p style=\"font-size: 10px; line-height: 14px; text-align:justify\" \/>Ai sensi dell'art. 13 del D. Lgs. 196\/03 in materia di tutela della privacy, La informiamo che i dati personali da Lei forniti potranno formare oggetto di trattamento da parte di Gap Srl nel pieno del rispetto della normativa sopra richiamata e degli obblighi di riservatezza. Tali dati verranno inseriti su supporti informatici e cartacei della banca dati utilizzata dalla Direzione Risorse Umane della nostra Societ\u00e0, esclusivamente per finalit\u00e0 connesse al processo di reclutamento ed alla corretta esecuzione del rapporto di lavoro o di collaborazione che con Lei dovesse in futuro instaurarsi. Il trattamento avverr\u00e0 mediante strumenti idonei a garantire la massima sicurezza e riservatezza e potr\u00e0 essere effettuato anche attraverso strumenti automatizzati atti a memorizzare, gestire e trasmettere i dati stessi. Il conferimento dei dati a Lei relativi ha natura meramente facoltativa; tuttavia, l'eventuale suo rifiuto di fornire gli stessi comporterebbe l'oggettiva impossibilit\u00e0 di questa societ\u00e0 di condurre con Lei un regolare processo di selezione. La informiamo, ancora, che Lei potr\u00e0 esercitare i diritti di cui all'art. 7 del D. Lgs. 196\/03 ed, in particolare, il diritto di ottenere, senza ritardo, la conferma dell'esistenza o meno di dati personali che La riguardano, anche se non ancora registrati, e la comunicazione in forma intelligibile dei medesimi dati; di conoscere l'origine dei dati, nonch\u00e9 la logica , le finalit\u00e0 e le modalit\u00e0 su cui si basa il trattamento; di ottenere la cancellazione, la trasformazione in forma anonima o il blocco dei dati trattati in violazione di legge, nonch\u00e9 l'aggiornamento, la rettificazione ovvero l'integrazione dei dati. Titolare del trattamento dei dati personali \u00e8 Gap Srl, con sede legale a Trieste , Via Pigafetta 5 . Letta l'informativa di cui sopra, con l'invio del presente modulo, autorizzo - ai sensi dell'articolo 11 della legge citata - il trattamento dei miei dati da parte di Gap Srl per gli scopi inerenti l'attivit\u00e0 dichiarata.\n<\/p>\n<div>\n\t<p><input class=\"wpcf7-form-control wpcf7-submit has-spinner\" type=\"submit\" value=\"Invia la Richiesta\" \/>\n\t<\/p>\n<\/div><div class=\"wpcf7-response-output\" aria-hidden=\"true\"><\/div>\n<\/form>\n<\/div>\n<div class=\"vc_empty_space\"   style=\"height: 40px\"><span class=\"vc_empty_space_inner\"><\/span><\/div><\/div><\/div><\/div><\/div><\/div><\/div>\n","protected":false},"excerpt":{"rendered":"via Niccol\u00f2 Canussio, 2 33043 - Cividale del Friuli (UD), Italia info@castellocanussio.it Per tutto ci\u00f2 che riguarda le visite al Castello \u2013 informazioni, prenotazioni, visite guidate, gruppi o tour operator \u2013 scrivi a visite@castellocanussio.it Per ogni altra comunicazione o informazione scrivi a info@castellocanussio.it oppure compila...","protected":false},"author":1,"featured_media":0,"parent":0,"menu_order":0,"comment_status":"closed","ping_status":"closed","template":"full-width.php","meta":{"footnotes":""},"class_list":["post-4231","page","type-page","status-publish","hentry"],"_links":{"self":[{"href":"https:\/\/castellocanussio.it\/en\/wp-json\/wp\/v2\/pages\/4231","targetHints":{"allow":["GET"]}}],"collection":[{"href":"https:\/\/castellocanussio.it\/en\/wp-json\/wp\/v2\/pages"}],"about":[{"href":"https:\/\/castellocanussio.it\/en\/wp-json\/wp\/v2\/types\/page"}],"author":[{"embeddable":true,"href":"https:\/\/castellocanussio.it\/en\/wp-json\/wp\/v2\/users\/1"}],"replies":[{"embeddable":true,"href":"https:\/\/castellocanussio.it\/en\/wp-json\/wp\/v2\/comments?post=4231"}],"version-history":[{"count":23,"href":"https:\/\/castellocanussio.it\/en\/wp-json\/wp\/v2\/pages\/4231\/revisions"}],"predecessor-version":[{"id":10436,"href":"https:\/\/castellocanussio.it\/en\/wp-json\/wp\/v2\/pages\/4231\/revisions\/10436"}],"wp:attachment":[{"href":"https:\/\/castellocanussio.it\/en\/wp-json\/wp\/v2\/media?parent=4231"}],"curies":[{"name":"wp","href":"https:\/\/api.w.org\/{rel}","templated":true}]}}