{"id":6552,"date":"2019-10-05T13:12:52","date_gmt":"2019-10-05T13:12:52","guid":{"rendered":"https:\/\/castellocanussio.it\/?page_id=6552"},"modified":"2019-10-05T14:44:11","modified_gmt":"2019-10-05T14:44:11","slug":"cividale-del-friuli","status":"publish","type":"page","link":"https:\/\/castellocanussio.it\/en\/cividale-del-friuli\/","title":{"rendered":"Cividale del Friuli"},"content":{"rendered":"<div class=\"vc_row wpb_row vc_row-fluid edgtf-section edgtf-content-aligment-left\"><div class=\"clearfix edgtf-full-section-inner\"><div class=\"wpb_column vc_column_container vc_col-sm-12\"><div class=\"vc_column-inner\"><div class=\"wpb_wrapper\"><div class=\"vc_empty_space  vc_custom_1464092997850\"   style=\"height: 0px\"><span class=\"vc_empty_space_inner\"><\/span><\/div>\n<div class=\"edgtf-custom-font-holder\" style=\"font-family: Raleway;font-size: 33px;line-height: 50px;font-weight: 300;letter-spacing: 4px;text-transform: Uppercase;text-align: left;color: #313131\" data-font-size= \"33\" data-line-height= \"50\">\n\t\n\tCividale del Friuli\n\t\t\n\t<\/div>\n<p class=\"edgtf-section-subtitle\" style=\"text-align:left\">\n\tDISCOVER CIVIDALE CITY<\/p><div class=\"edgtf-separator-holder clearfix  edgtf-separator-left\">\n\t<div class=\"edgtf-separator\" style=\"border-color: #e7bd74;border-style: solid;width: 50px;border-bottom-width: 1pxpx;margin-top: 16px;margin-bottom: 50px\"><\/div>\n<\/div>\n<\/div><\/div><\/div><\/div><\/div><div class=\"vc_row wpb_row vc_row-fluid edgtf-section vc_custom_1462365889197 edgtf-content-aligment-left\"><div class=\"clearfix edgtf-full-section-inner\"><div class=\"wpb_column vc_column_container vc_col-sm-12\"><div class=\"vc_column-inner\"><div class=\"wpb_wrapper\">\n\t<div class=\"wpb_text_column wpb_content_element\" >\n\t\t<div class=\"wpb_wrapper\">\n\t\t\t<p style=\"text-align: justify;\">Scrigno di tesori di inestimabile valore Cividale del Friuli accoglie i visitatori con le vestigia della sua storia millenaria, orgogliosa dei suoi gioielli pi\u00f9 preziosi, riconosciuti\u00a0<strong>Patrimonio Mondale dell\u2019Umanit\u00e0<\/strong>\u00a0nell\u2019ambito del sito seriale\u00a0<strong>\u201cI Longobardi in Italia. I luoghi del potere (568-774 d.C.)\u201d<\/strong>, iscritto nella World Heritage List UNESCO dal 25 giugno 2011.<\/p>\n<p style=\"text-align: justify;\">A Cividale si ripercorrono le tracce dei Longobardi visitando il\u00a0<strong>Monastero di Santa Maria in Valle<\/strong>\u00a0con lo straordinario\u00a0<strong>Tempietto Longobardo<\/strong>, celebre in tutto il mondo per i suoi incredibili stucchi, il\u00a0<strong>Museo Cristiano<\/strong>\u00a0e\u00a0<strong>Tesoro del Duomo<\/strong>, che conserva il\u00a0<strong>Battistero di Callisto<\/strong>\u00a0e\u00a0<strong>l\u2019Ara di Ratchis<\/strong>\u00a0ed, infine, il\u00a0<strong>Museo Archeologico Nazionale<\/strong>, dove sono esposti gli splendidi reperti che descrivono la quotidianit\u00e0 di questo popolo tanto antico quanto straordinario.<\/p>\n<p style=\"text-align: justify;\">Una citt\u00e0 ricca di storia, profondamente legata alla proprie tradizioni che ancora oggi vivono e si rinnovano nelle sue manifestazioni di carattere storico: la suggestiva\u00a0<strong>Messa dello Spadone<\/strong>, celebrata ogni anno il 6 gennaio, ripropone uno dei riti liturgici pi\u00f9 antichi della Chiesa, cui fa seguito la rievocazione dell\u2019entrata in citt\u00e0 del Patriarca Marquardo von Randeck avvenuta nel 1366; ricordiamo inoltre il\u00a0<strong>Palio di San Donato<\/strong>, che fa rivivere il celebre torneo che dal Trecento fino all\u2019epoca Napoleonica veniva indetto in onore del Santo Patrono cittadino, il 21 agosto: per un intero fine settimana, Cividale si ripropone in una veste storica colorata e festosa con centinaia di figuranti vestiti in perfette riproduzioni di abiti medievali, scenografie coinvolgenti, ambientazioni animate, ricostruendo un vero palcoscenico sul quale il visitatore, pervaso da un\u2019emozione unica, pu\u00f2 vivere da protagonista la Storia, i suoi suoni e i suoi sapori.<\/p>\n<p style=\"text-align: justify;\">Cividale \u00e8 una citt\u00e0 ricca di cultura, che ospita grandi eventi e importanti manifestazioni, quali il\u00a0<strong>Mittelfest<\/strong>, Festival di prosa, musica, danza, poesia, arti visive e marionette dei paesi della Mitteleuropa, che di anno in anno nel mese di luglio propone un diverso tema che fa da filo conduttore alle rappresentazioni che vedono la partecipazione di prestigiose compagnie e di grandi artisti, oppure, ancora, i\u00a0<strong>Corsi internazionali di Perfezionamento Musicale<\/strong>, che, oltre alle lezioni per solisti e per gruppi cameristici, alle quali possono partecipare allievi di qualsiasi nazionalit\u00e0 ed et\u00e0 in qualit\u00e0 di \u201ceffettivi\u201d o \u201cuditori\u201d, offrono al grande pubblico l\u2019opportunit\u00e0 di ascoltare i Maestri docenti e diversi illustri ospiti, accompagnati da alcuni allievi, esibirsi durante i numerosi concerti che si svolgono nelle chiese, nelle ville e nei castelli della zona.<\/p>\n<p style=\"text-align: justify;\">Percorrendo le suggestive strade del centro storico cividalese, i visitatori potranno immergersi nell\u2019atmosfera misteriosa dell\u2019<strong>Ipogeo Celtico<\/strong>, contemplare la bellezza del\u00a0<strong>fiume Natisone<\/strong>\u00a0dal\u00a0<strong>Ponte del Diavolo<\/strong>, ammirare il\u00a0<strong>Duomo<\/strong>, le chiese dei borghi, i raffinati palazzi del periodo della dominazione veneziana, sostare, infine, nei numerosi locali cittadini per gustare le prelibatezze culinarie accompagnate dai pregiati\u00a0<strong>vini dei Colli Orientali del Friuli<\/strong>.<\/p>\n\n\t\t<\/div>\n\t<\/div>\n<\/div><\/div><\/div><\/div><\/div><div class=\"vc_row wpb_row vc_row-fluid edgtf-section edgtf-content-aligment-left\"><div class=\"clearfix edgtf-full-section-inner\"><div class=\"wpb_column vc_column_container vc_col-sm-12 vc_col-lg-4 vc_col-md-12\"><div class=\"vc_column-inner\"><div class=\"wpb_wrapper\">\n\t<div  class=\"wpb_single_image wpb_content_element vc_align_left\">\n\t\t\n\t\t<figure class=\"wpb_wrapper vc_figure\">\n\t\t\t<div class=\"vc_single_image-wrapper   vc_box_border_grey\"><img loading=\"lazy\" decoding=\"async\" width=\"800\" height=\"596\" src=\"https:\/\/castellocanussio.it\/wp-content\/uploads\/2019\/10\/Cividale2.jpg\" class=\"vc_single_image-img attachment-full\" alt=\"\" srcset=\"https:\/\/castellocanussio.it\/wp-content\/uploads\/2019\/10\/Cividale2.jpg 800w, https:\/\/castellocanussio.it\/wp-content\/uploads\/2019\/10\/Cividale2-300x224.jpg 300w, https:\/\/castellocanussio.it\/wp-content\/uploads\/2019\/10\/Cividale2-768x572.jpg 768w, https:\/\/castellocanussio.it\/wp-content\/uploads\/2019\/10\/Cividale2-600x447.jpg 600w\" sizes=\"auto, (max-width: 800px) 100vw, 800px\" \/><\/div>\n\t\t<\/figure>\n\t<\/div>\n<div class=\"vc_empty_space\"   style=\"height: 40px\"><span class=\"vc_empty_space_inner\"><\/span><\/div><\/div><\/div><\/div><div class=\"wpb_column vc_column_container vc_col-sm-12 vc_col-lg-4 vc_col-md-12\"><div class=\"vc_column-inner\"><div class=\"wpb_wrapper\">\n\t<div  class=\"wpb_single_image wpb_content_element vc_align_left\">\n\t\t\n\t\t<figure class=\"wpb_wrapper vc_figure\">\n\t\t\t<div class=\"vc_single_image-wrapper   vc_box_border_grey\"><img loading=\"lazy\" decoding=\"async\" width=\"700\" height=\"649\" src=\"https:\/\/castellocanussio.it\/wp-content\/uploads\/2019\/10\/cividale3a.jpg\" class=\"vc_single_image-img attachment-full\" alt=\"\" srcset=\"https:\/\/castellocanussio.it\/wp-content\/uploads\/2019\/10\/cividale3a.jpg 700w, https:\/\/castellocanussio.it\/wp-content\/uploads\/2019\/10\/cividale3a-300x278.jpg 300w, https:\/\/castellocanussio.it\/wp-content\/uploads\/2019\/10\/cividale3a-600x556.jpg 600w\" sizes=\"auto, (max-width: 700px) 100vw, 700px\" \/><\/div>\n\t\t<\/figure>\n\t<\/div>\n<div class=\"vc_empty_space\"   style=\"height: 40px\"><span class=\"vc_empty_space_inner\"><\/span><\/div><\/div><\/div><\/div><div class=\"wpb_column vc_column_container vc_col-sm-12 vc_col-lg-4 vc_col-md-12\"><div class=\"vc_column-inner\"><div class=\"wpb_wrapper\">\n\t<div  class=\"wpb_single_image wpb_content_element vc_align_left\">\n\t\t\n\t\t<figure class=\"wpb_wrapper vc_figure\">\n\t\t\t<div class=\"vc_single_image-wrapper   vc_box_border_grey\"><img loading=\"lazy\" decoding=\"async\" width=\"900\" height=\"675\" src=\"https:\/\/castellocanussio.it\/wp-content\/uploads\/2019\/10\/cividale4a.jpg\" class=\"vc_single_image-img attachment-full\" alt=\"\" srcset=\"https:\/\/castellocanussio.it\/wp-content\/uploads\/2019\/10\/cividale4a.jpg 900w, https:\/\/castellocanussio.it\/wp-content\/uploads\/2019\/10\/cividale4a-300x225.jpg 300w, https:\/\/castellocanussio.it\/wp-content\/uploads\/2019\/10\/cividale4a-768x576.jpg 768w, https:\/\/castellocanussio.it\/wp-content\/uploads\/2019\/10\/cividale4a-800x600.jpg 800w, https:\/\/castellocanussio.it\/wp-content\/uploads\/2019\/10\/cividale4a-600x450.jpg 600w\" sizes=\"auto, (max-width: 900px) 100vw, 900px\" \/><\/div>\n\t\t<\/figure>\n\t<\/div>\n<div class=\"vc_empty_space\"   style=\"height: 40px\"><span class=\"vc_empty_space_inner\"><\/span><\/div><\/div><\/div><\/div><\/div><\/div><div class=\"vc_row wpb_row vc_row-fluid edgtf-section edgtf-content-aligment-left\"><div class=\"clearfix edgtf-full-section-inner\"><div class=\"wpb_column vc_column_container vc_col-sm-12\"><div class=\"vc_column-inner\"><div class=\"wpb_wrapper\"><div class=\"vc_empty_space  vc_custom_1464092997850\"   style=\"height: 0px\"><span class=\"vc_empty_space_inner\"><\/span><\/div>\n<div class=\"edgtf-custom-font-holder\" style=\"font-family: Raleway;font-size: 33px;line-height: 50px;font-weight: 300;letter-spacing: 4px;text-transform: Uppercase;text-align: left;color: #313131\" data-font-size= \"33\" data-line-height= \"50\">\n\t\n\tVideo\n\t\t\n\t<\/div>\n<p class=\"edgtf-section-subtitle\" style=\"text-align:left\">\n\tVideo su Cividale<\/p><div class=\"edgtf-separator-holder clearfix  edgtf-separator-left\">\n\t<div class=\"edgtf-separator\" style=\"border-color: #e7bd74;border-style: solid;width: 50px;border-bottom-width: 1pxpx;margin-top: 16px;margin-bottom: 50px\"><\/div>\n<\/div>\n<\/div><\/div><\/div><\/div><\/div><div class=\"vc_row wpb_row vc_row-fluid edgtf-section edgtf-content-aligment-left\"><div class=\"clearfix edgtf-full-section-inner\"><div class=\"wpb_column vc_column_container vc_col-sm-12\"><div class=\"vc_column-inner\"><div class=\"wpb_wrapper\">\n\t<div class=\"wpb_video_widget wpb_content_element vc_clearfix   vc_video-aspect-ratio-169 vc_video-el-width-100 vc_video-align-center\" >\n\t\t<div class=\"wpb_wrapper\">\n\t\t\t\n\t\t\t<div class=\"wpb_video_wrapper\"><iframe loading=\"lazy\" title=\"Cividale del Friuli (UD)\" width=\"1100\" height=\"619\" src=\"https:\/\/www.youtube.com\/embed\/qr9uZT3AkNA?feature=oembed\" frameborder=\"0\" allow=\"accelerometer; autoplay; encrypted-media; gyroscope; picture-in-picture\" allowfullscreen><\/iframe><\/div>\n\t\t<\/div>\n\t<\/div>\n<\/div><\/div><\/div><\/div><\/div>","protected":false},"excerpt":{"rendered":"Cividale del Friuli Scopri Cividale Scrigno di tesori di inestimabile valore Cividale del Friuli accoglie i visitatori con le vestigia della sua storia millenaria, orgogliosa dei suoi gioielli pi\u00f9 preziosi, riconosciuti\u00a0Patrimonio Mondale dell\u2019Umanit\u00e0\u00a0nell\u2019ambito del sito seriale\u00a0\u201cI Longobardi in Italia. I luoghi del potere (568-774 d.C.)\u201d,...","protected":false},"author":1,"featured_media":0,"parent":0,"menu_order":0,"comment_status":"closed","ping_status":"closed","template":"","meta":{"footnotes":""},"class_list":["post-6552","page","type-page","status-publish","hentry"],"_links":{"self":[{"href":"https:\/\/castellocanussio.it\/en\/wp-json\/wp\/v2\/pages\/6552","targetHints":{"allow":["GET"]}}],"collection":[{"href":"https:\/\/castellocanussio.it\/en\/wp-json\/wp\/v2\/pages"}],"about":[{"href":"https:\/\/castellocanussio.it\/en\/wp-json\/wp\/v2\/types\/page"}],"author":[{"embeddable":true,"href":"https:\/\/castellocanussio.it\/en\/wp-json\/wp\/v2\/users\/1"}],"replies":[{"embeddable":true,"href":"https:\/\/castellocanussio.it\/en\/wp-json\/wp\/v2\/comments?post=6552"}],"version-history":[{"count":6,"href":"https:\/\/castellocanussio.it\/en\/wp-json\/wp\/v2\/pages\/6552\/revisions"}],"predecessor-version":[{"id":6578,"href":"https:\/\/castellocanussio.it\/en\/wp-json\/wp\/v2\/pages\/6552\/revisions\/6578"}],"wp:attachment":[{"href":"https:\/\/castellocanussio.it\/en\/wp-json\/wp\/v2\/media?parent=6552"}],"curies":[{"name":"wp","href":"https:\/\/api.w.org\/{rel}","templated":true}]}}